{"id":13235,"date":"2025-12-18T20:36:23","date_gmt":"2025-12-18T20:36:23","guid":{"rendered":"https:\/\/nubolab.strategee.us\/en\/?post_type=product&#038;p=13235"},"modified":"2026-01-13T14:53:13","modified_gmt":"2026-01-13T14:53:13","slug":"13235","status":"publish","type":"product","link":"https:\/\/nubolab.strategee.us\/en\/producto\/13235\/","title":{"rendered":"Almohada carbono tradicional lux"},"content":{"rendered":"<p>Descubre nuestra almohada carbono tradicional lux dise\u00f1ada con hilos conductores y repelentes de energ\u00eda, que controlan la carga electrost\u00e1tica y eliminan la tensi\u00f3n del cuerpo. Adem\u00e1s, incorpora fibras ligeras que regulan la temperatura corporal, providing a sense of peace and tranquility for a relaxing and restorative sleep experience.<\/p>\n<p style=\"text-align: center;\"><img fetchpriority=\"high\" decoding=\"async\" class=\"alignnone size-medium wp-image-13868\" src=\"https:\/\/nubolab.strategee.us\/en\/wp-content\/uploads\/2025\/12\/iconos-productos-e1721328348329-opt-300x217.webp\" alt=\"\" width=\"300\" height=\"217\" srcset=\"https:\/\/nubolab.strategee.us\/en\/wp-content\/uploads\/2025\/12\/iconos-productos-e1721328348329-opt-300x217.webp 300w, https:\/\/nubolab.strategee.us\/en\/wp-content\/uploads\/2025\/12\/iconos-productos-e1721328348329-opt-1024x742.webp 1024w, https:\/\/nubolab.strategee.us\/en\/wp-content\/uploads\/2025\/12\/iconos-productos-e1721328348329-opt-768x557.webp 768w, https:\/\/nubolab.strategee.us\/en\/wp-content\/uploads\/2025\/12\/iconos-productos-e1721328348329-opt-600x435.webp 600w, https:\/\/nubolab.strategee.us\/en\/wp-content\/uploads\/2025\/12\/iconos-productos-e1721328348329-opt.webp 1300w\" sizes=\"(max-width: 300px) 100vw, 300px\" \/><\/p>\n","protected":false},"excerpt":{"rendered":"<p>Descubre nuestra almohada carbono tradicional lux dise\u00f1ada con hilos conductores y repelentes de energ\u00eda, que controlan la carga electrost\u00e1tica y eliminan la tensi\u00f3n del cuerpo. Adem\u00e1s, incorpora fibras ligeras que regulan la temperatura corporal, providing a sense of peace and tranquility for a relaxing and restorative sleep experience.<\/p>\n","protected":false},"featured_media":13237,"template":"","meta":[],"product_brand":[],"product_cat":[28,40,43],"product_tag":[],"class_list":{"0":"post-13235","1":"product","2":"type-product","3":"status-publish","4":"has-post-thumbnail","6":"product_cat-almohadas","7":"product_cat-carbono","8":"product_cat-sueno","10":"first","11":"instock","12":"shipping-taxable","13":"purchasable","14":"product-type-variable","15":"has-default-attributes"},"yoast_head":"<!-- This site is optimized with the Yoast SEO plugin v26.2 - https:\/\/yoast.com\/wordpress\/plugins\/seo\/ -->\n<title>Almohada carbono tradicional lux - Nubo Lab<\/title>\n<meta name=\"robots\" content=\"noindex, follow, max-snippet:-1, max-image-preview:large, max-video-preview:-1\" \/>\n<meta property=\"og:locale\" content=\"es_ES\" \/>\n<meta property=\"og:type\" content=\"article\" \/>\n<meta property=\"og:title\" content=\"Almohada carbono tradicional lux - Nubo Lab\" \/>\n<meta property=\"og:description\" content=\"Descubre nuestra almohada carbono tradicional lux dise\u00f1ada con hilos conductores y repelentes de energ\u00eda, que controlan la carga electrost\u00e1tica y eliminan la tensi\u00f3n del cuerpo. Adem\u00e1s, incorpora fibras ligeras que regulan la temperatura corporal, providing a sense of peace and tranquility for a relaxing and restorative sleep experience.\" \/>\n<meta property=\"og:url\" content=\"https:\/\/nubolab.strategee.us\/en\/producto\/13235\/\" \/>\n<meta property=\"og:site_name\" content=\"Nubo Lab\" \/>\n<meta property=\"article:modified_time\" content=\"2026-01-13T14:53:13+00:00\" \/>\n<meta property=\"og:image\" content=\"https:\/\/nubolab.strategee.us\/en\/wp-content\/uploads\/2025\/12\/lux-carbono-1-1-opt.webp\" \/>\n\t<meta property=\"og:image:width\" content=\"1000\" \/>\n\t<meta property=\"og:image:height\" content=\"1000\" \/>\n\t<meta property=\"og:image:type\" content=\"image\/webp\" \/>\n<meta name=\"twitter:card\" content=\"summary_large_image\" \/>\n<meta name=\"twitter:label1\" content=\"Tiempo de lectura\" \/>\n\t<meta name=\"twitter:data1\" content=\"1 minuto\" \/>\n<script type=\"application\/ld+json\" class=\"yoast-schema-graph\">{\"@context\":\"https:\/\/schema.org\",\"@graph\":[{\"@type\":\"WebPage\",\"@id\":\"https:\/\/nubolab.strategee.us\/en\/producto\/13235\/\",\"url\":\"https:\/\/nubolab.strategee.us\/en\/producto\/13235\/\",\"name\":\"Almohada carbono tradicional lux - Nubo Lab\",\"isPartOf\":{\"@id\":\"https:\/\/nubolab.strategee.us\/en\/#website\"},\"primaryImageOfPage\":{\"@id\":\"https:\/\/nubolab.strategee.us\/en\/producto\/13235\/#primaryimage\"},\"image\":{\"@id\":\"https:\/\/nubolab.strategee.us\/en\/producto\/13235\/#primaryimage\"},\"thumbnailUrl\":\"https:\/\/nubolab.strategee.us\/en\/wp-content\/uploads\/2025\/12\/lux-carbono-1-1-opt.webp\",\"datePublished\":\"2025-12-18T20:36:23+00:00\",\"dateModified\":\"2026-01-13T14:53:13+00:00\",\"breadcrumb\":{\"@id\":\"https:\/\/nubolab.strategee.us\/en\/producto\/13235\/#breadcrumb\"},\"inLanguage\":\"es-CO\",\"potentialAction\":[{\"@type\":\"ReadAction\",\"target\":[\"https:\/\/nubolab.strategee.us\/en\/producto\/13235\/\"]}]},{\"@type\":\"ImageObject\",\"inLanguage\":\"es-CO\",\"@id\":\"https:\/\/nubolab.strategee.us\/en\/producto\/13235\/#primaryimage\",\"url\":\"https:\/\/nubolab.strategee.us\/en\/wp-content\/uploads\/2025\/12\/lux-carbono-1-1-opt.webp\",\"contentUrl\":\"https:\/\/nubolab.strategee.us\/en\/wp-content\/uploads\/2025\/12\/lux-carbono-1-1-opt.webp\",\"width\":1000,\"height\":1000},{\"@type\":\"BreadcrumbList\",\"@id\":\"https:\/\/nubolab.strategee.us\/en\/producto\/13235\/#breadcrumb\",\"itemListElement\":[{\"@type\":\"ListItem\",\"position\":1,\"name\":\"Inicio\",\"item\":\"https:\/\/nubolab.strategee.us\/en\/\"},{\"@type\":\"ListItem\",\"position\":2,\"name\":\"Tienda\",\"item\":\"https:\/\/nubolab.strategee.us\/en\/tienda\/\"},{\"@type\":\"ListItem\",\"position\":3,\"name\":\"Almohada carbono tradicional lux\"}]},{\"@type\":\"WebSite\",\"@id\":\"https:\/\/nubolab.strategee.us\/en\/#website\",\"url\":\"https:\/\/nubolab.strategee.us\/en\/\",\"name\":\"Nubo Lab\",\"description\":\"Innovaci\u00f3n para tu Bienestar y Descanso\",\"publisher\":{\"@id\":\"https:\/\/nubolab.strategee.us\/en\/#organization\"},\"potentialAction\":[{\"@type\":\"SearchAction\",\"target\":{\"@type\":\"EntryPoint\",\"urlTemplate\":\"https:\/\/nubolab.strategee.us\/en\/?s={search_term_string}\"},\"query-input\":{\"@type\":\"PropertyValueSpecification\",\"valueRequired\":true,\"valueName\":\"search_term_string\"}}],\"inLanguage\":\"es-CO\"},{\"@type\":\"Organization\",\"@id\":\"https:\/\/nubolab.strategee.us\/en\/#organization\",\"name\":\"Nubo Lab\",\"url\":\"https:\/\/nubolab.strategee.us\/en\/\",\"logo\":{\"@type\":\"ImageObject\",\"inLanguage\":\"es-CO\",\"@id\":\"https:\/\/nubolab.strategee.us\/en\/#\/schema\/logo\/image\/\",\"url\":\"https:\/\/nubolab.strategee.us\/en\/wp-content\/uploads\/2025\/10\/LogoRecurso-2.png\",\"contentUrl\":\"https:\/\/nubolab.strategee.us\/en\/wp-content\/uploads\/2025\/10\/LogoRecurso-2.png\",\"width\":271,\"height\":55,\"caption\":\"Nubo Lab\"},\"image\":{\"@id\":\"https:\/\/nubolab.strategee.us\/en\/#\/schema\/logo\/image\/\"}}]}<\/script>\n<!-- \/ Yoast SEO plugin. -->","yoast_head_json":{"title":"Almohada carbono tradicional lux - Nubo Lab","robots":{"index":"noindex","follow":"follow","max-snippet":"max-snippet:-1","max-image-preview":"max-image-preview:large","max-video-preview":"max-video-preview:-1"},"og_locale":"es_ES","og_type":"article","og_title":"Almohada carbono tradicional lux - Nubo Lab","og_description":"Descubre nuestra almohada carbono tradicional lux dise\u00f1ada con hilos conductores y repelentes de energ\u00eda, que controlan la carga electrost\u00e1tica y eliminan la tensi\u00f3n del cuerpo. Adem\u00e1s, incorpora fibras ligeras que regulan la temperatura corporal, providing a sense of peace and tranquility for a relaxing and restorative sleep experience.","og_url":"https:\/\/nubolab.strategee.us\/en\/producto\/13235\/","og_site_name":"Nubo Lab","article_modified_time":"2026-01-13T14:53:13+00:00","og_image":[{"width":1000,"height":1000,"url":"https:\/\/nubolab.strategee.us\/en\/wp-content\/uploads\/2025\/12\/lux-carbono-1-1-opt.webp","type":"image\/webp"}],"twitter_card":"summary_large_image","twitter_misc":{"Tiempo de lectura":"1 minuto"},"schema":{"@context":"https:\/\/schema.org","@graph":[{"@type":"WebPage","@id":"https:\/\/nubolab.strategee.us\/en\/producto\/13235\/","url":"https:\/\/nubolab.strategee.us\/en\/producto\/13235\/","name":"Almohada carbono tradicional lux - Nubo Lab","isPartOf":{"@id":"https:\/\/nubolab.strategee.us\/en\/#website"},"primaryImageOfPage":{"@id":"https:\/\/nubolab.strategee.us\/en\/producto\/13235\/#primaryimage"},"image":{"@id":"https:\/\/nubolab.strategee.us\/en\/producto\/13235\/#primaryimage"},"thumbnailUrl":"https:\/\/nubolab.strategee.us\/en\/wp-content\/uploads\/2025\/12\/lux-carbono-1-1-opt.webp","datePublished":"2025-12-18T20:36:23+00:00","dateModified":"2026-01-13T14:53:13+00:00","breadcrumb":{"@id":"https:\/\/nubolab.strategee.us\/en\/producto\/13235\/#breadcrumb"},"inLanguage":"es-CO","potentialAction":[{"@type":"ReadAction","target":["https:\/\/nubolab.strategee.us\/en\/producto\/13235\/"]}]},{"@type":"ImageObject","inLanguage":"es-CO","@id":"https:\/\/nubolab.strategee.us\/en\/producto\/13235\/#primaryimage","url":"https:\/\/nubolab.strategee.us\/en\/wp-content\/uploads\/2025\/12\/lux-carbono-1-1-opt.webp","contentUrl":"https:\/\/nubolab.strategee.us\/en\/wp-content\/uploads\/2025\/12\/lux-carbono-1-1-opt.webp","width":1000,"height":1000},{"@type":"BreadcrumbList","@id":"https:\/\/nubolab.strategee.us\/en\/producto\/13235\/#breadcrumb","itemListElement":[{"@type":"ListItem","position":1,"name":"Inicio","item":"https:\/\/nubolab.strategee.us\/en\/"},{"@type":"ListItem","position":2,"name":"Tienda","item":"https:\/\/nubolab.strategee.us\/en\/tienda\/"},{"@type":"ListItem","position":3,"name":"Almohada carbono tradicional lux"}]},{"@type":"WebSite","@id":"https:\/\/nubolab.strategee.us\/en\/#website","url":"https:\/\/nubolab.strategee.us\/en\/","name":"Nubo Lab","description":"Innovaci\u00f3n para tu Bienestar y Descanso","publisher":{"@id":"https:\/\/nubolab.strategee.us\/en\/#organization"},"potentialAction":[{"@type":"SearchAction","target":{"@type":"EntryPoint","urlTemplate":"https:\/\/nubolab.strategee.us\/en\/?s={search_term_string}"},"query-input":{"@type":"PropertyValueSpecification","valueRequired":true,"valueName":"search_term_string"}}],"inLanguage":"es-CO"},{"@type":"Organization","@id":"https:\/\/nubolab.strategee.us\/en\/#organization","name":"Nubo Lab","url":"https:\/\/nubolab.strategee.us\/en\/","logo":{"@type":"ImageObject","inLanguage":"es-CO","@id":"https:\/\/nubolab.strategee.us\/en\/#\/schema\/logo\/image\/","url":"https:\/\/nubolab.strategee.us\/en\/wp-content\/uploads\/2025\/10\/LogoRecurso-2.png","contentUrl":"https:\/\/nubolab.strategee.us\/en\/wp-content\/uploads\/2025\/10\/LogoRecurso-2.png","width":271,"height":55,"caption":"Nubo Lab"},"image":{"@id":"https:\/\/nubolab.strategee.us\/en\/#\/schema\/logo\/image\/"}}]}},"_links":{"self":[{"href":"https:\/\/nubolab.strategee.us\/en\/wp-json\/wp\/v2\/product\/13235","targetHints":{"allow":["GET"]}}],"collection":[{"href":"https:\/\/nubolab.strategee.us\/en\/wp-json\/wp\/v2\/product"}],"about":[{"href":"https:\/\/nubolab.strategee.us\/en\/wp-json\/wp\/v2\/types\/product"}],"version-history":[{"count":3,"href":"https:\/\/nubolab.strategee.us\/en\/wp-json\/wp\/v2\/product\/13235\/revisions"}],"predecessor-version":[{"id":13877,"href":"https:\/\/nubolab.strategee.us\/en\/wp-json\/wp\/v2\/product\/13235\/revisions\/13877"}],"wp:featuredmedia":[{"embeddable":true,"href":"https:\/\/nubolab.strategee.us\/en\/wp-json\/wp\/v2\/media\/13237"}],"wp:attachment":[{"href":"https:\/\/nubolab.strategee.us\/en\/wp-json\/wp\/v2\/media?parent=13235"}],"wp:term":[{"taxonomy":"product_brand","embeddable":true,"href":"https:\/\/nubolab.strategee.us\/en\/wp-json\/wp\/v2\/product_brand?post=13235"},{"taxonomy":"product_cat","embeddable":true,"href":"https:\/\/nubolab.strategee.us\/en\/wp-json\/wp\/v2\/product_cat?post=13235"},{"taxonomy":"product_tag","embeddable":true,"href":"https:\/\/nubolab.strategee.us\/en\/wp-json\/wp\/v2\/product_tag?post=13235"}],"curies":[{"name":"wp","href":"https:\/\/api.w.org\/{rel}","templated":true}]}}